{"id":1341,"date":"2025-10-23T09:45:29","date_gmt":"2025-10-23T09:45:29","guid":{"rendered":"https:\/\/rehab-lab.cat\/?page_id=1341"},"modified":"2025-10-23T10:43:03","modified_gmt":"2025-10-23T10:43:03","slug":"noticias-rehab-lab","status":"publish","type":"page","link":"https:\/\/rehab-lab.cat\/es\/noticias-rehab-lab\/","title":{"rendered":"Noticias Rehab-lab"},"content":{"rendered":"<style>.kb-row-layout-id1341_2f1a49-27 > .kt-row-column-wrap{align-content:start;}:where(.kb-row-layout-id1341_2f1a49-27 > .kt-row-column-wrap) > .wp-block-kadence-column{justify-content:start;}.kb-row-layout-id1341_2f1a49-27 > .kt-row-column-wrap{column-gap:var(--global-kb-gap-md, 2rem);row-gap:var(--global-kb-gap-md, 2rem);max-width:1280px;margin-left:auto;margin-right:auto;padding-top:0px;padding-right:24px;padding-bottom:0px;padding-left:24px;grid-template-columns:repeat(2, minmax(0, 1fr));}.kb-row-layout-id1341_2f1a49-27{background-image:url('https:\/\/rehab-lab.cat\/wp-content\/uploads\/2024\/11\/cube_header_inside.svg');background-size:auto;background-position:100% 50%;background-attachment:scroll;background-repeat:no-repeat;}.kb-row-layout-id1341_2f1a49-27 > .kt-row-layout-overlay{opacity:0.30;}@media all and (max-width: 1024px){.kb-row-layout-id1341_2f1a49-27 > .kt-row-column-wrap{grid-template-columns:repeat(2, minmax(0, 1fr));}}@media all and (max-width: 767px){.kb-row-layout-id1341_2f1a49-27 > .kt-row-column-wrap{grid-template-columns:minmax(0, 1fr);}}<\/style><div class=\"kb-row-layout-wrap kb-row-layout-id1341_2f1a49-27 alignfull kt-row-has-bg header_inside wp-block-kadence-rowlayout\"><div class=\"kt-row-column-wrap kt-has-2-columns kt-row-layout-equal kt-tab-layout-inherit kt-mobile-layout-row kt-row-valign-top\">\n<style>.kadence-column1341_8b4130-0a > .kt-inside-inner-col,.kadence-column1341_8b4130-0a > .kt-inside-inner-col:before{border-top-left-radius:0px;border-top-right-radius:0px;border-bottom-right-radius:0px;border-bottom-left-radius:0px;}.kadence-column1341_8b4130-0a > .kt-inside-inner-col{column-gap:var(--global-kb-gap-sm, 1rem);}.kadence-column1341_8b4130-0a > .kt-inside-inner-col{flex-direction:column;}.kadence-column1341_8b4130-0a > .kt-inside-inner-col > .aligncenter{width:100%;}.kadence-column1341_8b4130-0a > .kt-inside-inner-col:before{opacity:0.3;}.kadence-column1341_8b4130-0a{position:relative;}@media all and (max-width: 1024px){.kadence-column1341_8b4130-0a > .kt-inside-inner-col{flex-direction:column;justify-content:center;}}@media all and (max-width: 767px){.kadence-column1341_8b4130-0a > .kt-inside-inner-col{flex-direction:column;justify-content:center;}}<\/style>\n<div class=\"wp-block-kadence-column kadence-column1341_8b4130-0a animated fadeIn delay-500ms slow\"><div class=\"kt-inside-inner-col\">\n<h1 class=\"wp-block-heading\">Noticias<br>Rehab-lab<\/h1>\n\n\n\n<h5 class=\"wp-block-heading\">Noticias de Rehab-lab, expertos en el \u00e1mbito de la discapacidad, la tecnolog\u00eda y la innovaci\u00f3n que ofrecemos soluciones personalizadas con impresi\u00f3n 3D que mejoran la autonom\u00eda y la calidad de vida de personas con necesidades funcionales.<\/h5>\n<\/div><\/div>\n\n\n<style>.kadence-column1341_45212d-34 > .kt-inside-inner-col{display:flex;}.kadence-column1341_45212d-34 > .kt-inside-inner-col,.kadence-column1341_45212d-34 > .kt-inside-inner-col:before{border-top-left-radius:0px;border-top-right-radius:0px;border-bottom-right-radius:0px;border-bottom-left-radius:0px;}.kadence-column1341_45212d-34 > .kt-inside-inner-col{column-gap:var(--global-kb-gap-sm, 1rem);}.kadence-column1341_45212d-34 > .kt-inside-inner-col{flex-direction:column;justify-content:center;align-items:center;}.kadence-column1341_45212d-34 > .kt-inside-inner-col > .kb-image-is-ratio-size{align-self:stretch;}.kadence-column1341_45212d-34 > .kt-inside-inner-col > .wp-block-kadence-advancedgallery{align-self:stretch;}.kadence-column1341_45212d-34 > .kt-inside-inner-col > .aligncenter{width:100%;}.kt-row-column-wrap > .kadence-column1341_45212d-34{align-self:center;}.kt-inner-column-height-full:not(.kt-has-1-columns) > .wp-block-kadence-column.kadence-column1341_45212d-34{align-self:auto;}.kt-inner-column-height-full:not(.kt-has-1-columns) > .wp-block-kadence-column.kadence-column1341_45212d-34 > .kt-inside-inner-col{flex-direction:column;justify-content:center;}.kadence-column1341_45212d-34 > .kt-inside-inner-col:before{opacity:0.3;}.kadence-column1341_45212d-34{position:relative;}@media all and (max-width: 1024px){.kt-row-column-wrap > .kadence-column1341_45212d-34{align-self:center;}}@media all and (max-width: 1024px){.kt-inner-column-height-full:not(.kt-has-1-columns) > .wp-block-kadence-column.kadence-column1341_45212d-34{align-self:auto;}}@media all and (max-width: 1024px){.kt-inner-column-height-full:not(.kt-has-1-columns) > .wp-block-kadence-column.kadence-column1341_45212d-34 > .kt-inside-inner-col{flex-direction:column;justify-content:center;}}@media all and (max-width: 1024px){.kadence-column1341_45212d-34 > .kt-inside-inner-col{flex-direction:column;justify-content:center;align-items:center;}}@media all and (max-width: 767px){.kt-row-column-wrap > .kadence-column1341_45212d-34{align-self:center;}.kt-inner-column-height-full:not(.kt-has-1-columns) > .wp-block-kadence-column.kadence-column1341_45212d-34{align-self:auto;}.kt-inner-column-height-full:not(.kt-has-1-columns) > .wp-block-kadence-column.kadence-column1341_45212d-34 > .kt-inside-inner-col{flex-direction:column;justify-content:center;}.kadence-column1341_45212d-34 > .kt-inside-inner-col{flex-direction:column;justify-content:center;align-items:center;}}<\/style>\n<div class=\"wp-block-kadence-column kadence-column1341_45212d-34 animated fadeInRight slow\"><div class=\"kt-inside-inner-col\">\n<figure class=\"wp-block-image size-full is-resized\"><img loading=\"lazy\" decoding=\"async\" width=\"966\" height=\"844\" src=\"https:\/\/rehab-lab.cat\/wp-content\/uploads\/2024\/11\/rehab_lab_header_quefem.webp\" alt=\"Dona i t\u00e8cnic mirant la fabricaci\u00f3 duna pe\u00e7a\" class=\"wp-image-217\" style=\"object-fit:contain;width:467px;height:412px\" srcset=\"https:\/\/rehab-lab.cat\/wp-content\/uploads\/2024\/11\/rehab_lab_header_quefem.webp 966w, https:\/\/rehab-lab.cat\/wp-content\/uploads\/2024\/11\/rehab_lab_header_quefem-300x262.webp 300w, https:\/\/rehab-lab.cat\/wp-content\/uploads\/2024\/11\/rehab_lab_header_quefem-768x671.webp 768w, https:\/\/rehab-lab.cat\/wp-content\/uploads\/2024\/11\/rehab_lab_header_quefem-500x437.webp 500w, https:\/\/rehab-lab.cat\/wp-content\/uploads\/2024\/11\/rehab_lab_header_quefem-800x699.webp 800w\" sizes=\"auto, (max-width: 966px) 100vw, 966px\" \/><\/figure>\n<\/div><\/div>\n\n<\/div><\/div>\n\n<style>.kb-row-layout-id1341_234d6b-bd > .kt-row-column-wrap{align-content:start;}:where(.kb-row-layout-id1341_234d6b-bd > .kt-row-column-wrap) > .wp-block-kadence-column{justify-content:start;}.kb-row-layout-id1341_234d6b-bd > .kt-row-column-wrap{column-gap:var(--global-kb-gap-none, 0rem );row-gap:var(--global-kb-gap-none, 0rem );padding-top:20px;padding-bottom:40px;min-height:1px;grid-template-columns:minmax(0, 1fr);}.kb-row-layout-id1341_234d6b-bd > .kt-row-layout-overlay{opacity:0.30;}@media all and (max-width: 1024px){.kb-row-layout-id1341_234d6b-bd > .kt-row-column-wrap{grid-template-columns:minmax(0, 1fr);}}@media all and (max-width: 767px){.kb-row-layout-id1341_234d6b-bd > .kt-row-column-wrap{grid-template-columns:minmax(0, 1fr);}}<\/style><div class=\"kb-row-layout-wrap kb-row-layout-id1341_234d6b-bd alignnone line_separation animated fadeInDown slow wp-block-kadence-rowlayout\"><div class=\"kt-row-column-wrap kt-has-1-columns kt-row-layout-equal kt-tab-layout-inherit kt-mobile-layout-row kt-row-valign-top kt-inner-column-height-full\">\n<style>.kadence-column1341_56f2b2-c7 > .kt-inside-inner-col{border-left:2px solid #8a61a6;}.kadence-column1341_56f2b2-c7 > .kt-inside-inner-col,.kadence-column1341_56f2b2-c7 > .kt-inside-inner-col:before{border-top-left-radius:0px;border-top-right-radius:0px;border-bottom-right-radius:0px;border-bottom-left-radius:0px;}.kadence-column1341_56f2b2-c7 > .kt-inside-inner-col{column-gap:var(--global-kb-gap-sm, 1rem);}.kadence-column1341_56f2b2-c7 > .kt-inside-inner-col{flex-direction:column;}.kadence-column1341_56f2b2-c7 > .kt-inside-inner-col > .aligncenter{width:100%;}.kadence-column1341_56f2b2-c7 > .kt-inside-inner-col:before{opacity:0.3;}.kadence-column1341_56f2b2-c7{position:relative;}@media all and (max-width: 1024px){.kadence-column1341_56f2b2-c7 > .kt-inside-inner-col{border-left:2px solid #8a61a6;flex-direction:column;justify-content:center;}}@media all and (max-width: 767px){.kadence-column1341_56f2b2-c7 > .kt-inside-inner-col{border-left:2px solid #8a61a6;flex-direction:column;justify-content:center;}}<\/style>\n<div class=\"wp-block-kadence-column kadence-column1341_56f2b2-c7\"><div class=\"kt-inside-inner-col\">\n<div style=\"height:100px\" aria-hidden=\"true\" class=\"wp-block-spacer\"><\/div>\n<\/div><\/div>\n\n<\/div><\/div>\n\n\n<div class=\"wp-block-ultimate-post-post-grid-parent ultp-post-grid-parent\" data-postid=\"1341\" data-grids=\"[{&quot;blockId&quot;:&quot;3dcae9&quot;,&quot;name&quot;:&quot;ultimate-post_post-grid-1&quot;}]\" data-pagi=\"[&quot;ultp-block-cf8430&quot;]\"><div  class=\"ultp-post-grid-block wp-block-ultimate-post-post-grid-1 ultp-block-3dcae9\"><div class=\"ultp-block-wrapper\"><div class=\"ultp-loading\"><div class=\"ultp-loading-blocks\" style=\"width:100%;height:100%;\"><div style=\"left: 0;top: 0;animation-delay:0s;\"><\/div><div style=\"left: 21px;top: 0;animation-delay:0.125s;\"><\/div><div style=\"left: 42px;top: 0;animation-delay:0.25s;\"><\/div><div style=\"left: 0;top: 21px;animation-delay:0.875s;\"><\/div><div style=\"left: 42px;top: 21px;animation-delay:0.375s;\"><\/div><div style=\"left: 0;top: 42px;animation-delay:0.75s;\"><\/div><div style=\"left: 42px;top: 42px;animation-delay:0.625s;\"><\/div><div style=\"left: 21px;top: 42px;animation-delay:0.5s;\"><\/div><\/div><\/div><div class=\"ultp-block-items-wrap ultp-block-row ultp-pg1a-style1 ultp-grid1-responsive ultp-block-column-3 ultp-sm-column-2 ultp-xs-column-1 ultp-layout3\"><div class=\"ultp-block-item post-id-2021\"><div class=\"ultp-block-content-wrap\"><div class=\"ultp-block-image ultp-block-image-zoomIn\"><a href=\"https:\/\/rehab-lab.cat\/es\/el-grupo-avinent-recibe-la-visita-de-la-red-rehab-lab-en-sus-instalaciones\/\" ><img decoding=\"async\"  class=\"ultp-block-image-content\"  alt=\"La imatge mostra a diferents membres de la Xarxa Rehab-lab a la planta de producci\u00f3 d&#039;AVINENT, on es poden identificar diferents torns i ordinadors.\"  src=\"https:\/\/rehab-lab.cat\/wp-content\/uploads\/2026\/03\/Diseno-sin-titulo-870x570.png\" \/><\/a><\/div><div class=\"ultp-block-content\"><h2 class=\"ultp-block-title \"><a href=\"https:\/\/rehab-lab.cat\/es\/el-grupo-avinent-recibe-la-visita-de-la-red-rehab-lab-en-sus-instalaciones\/\" >El Grupo AVINENT recibe la visita de la Red Rehab-Lab en sus instalaciones<\/a><\/h2><div class=\"ultp-block-meta ultp-block-meta-dot ultp-block-meta-icon\"><span class=\"ultp-block-date ultp-block-meta-element\"><svg xmlns=\"http:\/\/www.w3.org\/2000\/svg\" fill=\"none\" viewBox=\"0 0 24 24\">\n  <path stroke=\"currentColor\" stroke-linecap=\"round\" stroke-linejoin=\"round\" stroke-width=\"1.5\" d=\"M3 5.5a2 2 0 0 1 2-2h14a2 2 0 0 1 2 2v14a2 2 0 0 1-2 2H5a2 2 0 0 1-2-2v-14ZM8 2v3m8-3v3M3 9h18\"\/>\n<\/svg>\nMar 26, 2026<\/span><\/div><div class=\"ultp-block-excerpt\"><p>Diferentes miembros de la Red Rehab-Lab pudieron visitar la planta de producci\u00f3n del Grupo AVINENT y conocer las diferentes tecnolog\u00edas innovadoras que utilizan<\/p>\n<\/div><\/div><\/div><\/div><div class=\"ultp-block-item post-id-1969\"><div class=\"ultp-block-content-wrap\"><div class=\"ultp-block-image ultp-block-image-zoomIn\"><a href=\"https:\/\/rehab-lab.cat\/es\/10-nuevas-entidades-se-forman-para-entrar-en-la-red-rehab-lab-2\/\" ><img decoding=\"async\"  class=\"ultp-block-image-content\"  alt=\"Fotografia de grup dels representants de les noves entitats que van assistir la formaci\u00f3 Rehab-Lab\"  src=\"https:\/\/rehab-lab.cat\/wp-content\/uploads\/2026\/03\/Formacio-Rehab-Lab-2026-web--870x570.png\" \/><\/a><\/div><div class=\"ultp-block-content\"><h2 class=\"ultp-block-title \"><a href=\"https:\/\/rehab-lab.cat\/es\/10-nuevas-entidades-se-forman-para-entrar-en-la-red-rehab-lab-2\/\" >10 nuevas entidades se forman para entrar en la Red Rehab-Lab<\/a><\/h2><div class=\"ultp-block-meta ultp-block-meta-dot ultp-block-meta-icon\"><span class=\"ultp-block-date ultp-block-meta-element\"><svg xmlns=\"http:\/\/www.w3.org\/2000\/svg\" fill=\"none\" viewBox=\"0 0 24 24\">\n  <path stroke=\"currentColor\" stroke-linecap=\"round\" stroke-linejoin=\"round\" stroke-width=\"1.5\" d=\"M3 5.5a2 2 0 0 1 2-2h14a2 2 0 0 1 2 2v14a2 2 0 0 1-2 2H5a2 2 0 0 1-2-2v-14ZM8 2v3m8-3v3M3 9h18\"\/>\n<\/svg>\nMar 16, 2026<\/span><\/div><div class=\"ultp-block-excerpt\"><p>La red Rehab-Lab da la bienvenida a 10 nuevas entidades, que realizaron una formaci\u00f3n durante el mes de marzo.<\/p>\n<\/div><\/div><\/div><\/div><div class=\"ultp-block-item post-id-1936\"><div class=\"ultp-block-content-wrap\"><div class=\"ultp-block-image ultp-block-image-zoomIn\"><a href=\"https:\/\/rehab-lab.cat\/es\/12-nuevas-entidades-piden-entrar-en-la-red-rehab-lab\/\" ><img decoding=\"async\"  class=\"ultp-block-image-content\"  alt=\"12 nuevas entidades piden entrar en la Red Rehab-Lab\"  src=\"https:\/\/rehab-lab.cat\/wp-content\/uploads\/2026\/02\/12-noves-entitats-demanen-entrar-a-la-Xarxa-Rehab-Lab-870x570.png\" \/><\/a><\/div><div class=\"ultp-block-content\"><h2 class=\"ultp-block-title \"><a href=\"https:\/\/rehab-lab.cat\/es\/12-nuevas-entidades-piden-entrar-en-la-red-rehab-lab\/\" >12 nuevas entidades piden entrar en la Red Rehab-Lab<\/a><\/h2><div class=\"ultp-block-meta ultp-block-meta-dot ultp-block-meta-icon\"><span class=\"ultp-block-date ultp-block-meta-element\"><svg xmlns=\"http:\/\/www.w3.org\/2000\/svg\" fill=\"none\" viewBox=\"0 0 24 24\">\n  <path stroke=\"currentColor\" stroke-linecap=\"round\" stroke-linejoin=\"round\" stroke-width=\"1.5\" d=\"M3 5.5a2 2 0 0 1 2-2h14a2 2 0 0 1 2 2v14a2 2 0 0 1-2 2H5a2 2 0 0 1-2-2v-14ZM8 2v3m8-3v3M3 9h18\"\/>\n<\/svg>\nFeb 19, 2026<\/span><\/div><div class=\"ultp-block-excerpt\"><p>12 entidades de todo el estado solicitan incorporarse a la Red Rehab-Lab para la fabricaci\u00f3n de ayudas funcioales.<\/p>\n<\/div><\/div><\/div><\/div><div class=\"ultp-block-item post-id-1888\"><div class=\"ultp-block-content-wrap\"><div class=\"ultp-block-image ultp-block-image-zoomIn\"><a href=\"https:\/\/rehab-lab.cat\/es\/abrimos-una-convocatoria-para-la-adhesion-a-la-red-rehab-lab\/\" ><img decoding=\"async\"  class=\"ultp-block-image-content\"  alt=\"Abrimos una II convocatoria para la adhesi\u00f3n a la Red Rehab-Lab\"  src=\"https:\/\/rehab-lab.cat\/wp-content\/uploads\/2025\/12\/avo-870x570.png\" \/><\/a><\/div><div class=\"ultp-block-content\"><h2 class=\"ultp-block-title \"><a href=\"https:\/\/rehab-lab.cat\/es\/abrimos-una-convocatoria-para-la-adhesion-a-la-red-rehab-lab\/\" >Abrimos una II convocatoria para la adhesi\u00f3n a la Red Rehab-Lab<\/a><\/h2><div class=\"ultp-block-meta ultp-block-meta-dot ultp-block-meta-icon\"><span class=\"ultp-block-date ultp-block-meta-element\"><svg xmlns=\"http:\/\/www.w3.org\/2000\/svg\" fill=\"none\" viewBox=\"0 0 24 24\">\n  <path stroke=\"currentColor\" stroke-linecap=\"round\" stroke-linejoin=\"round\" stroke-width=\"1.5\" d=\"M3 5.5a2 2 0 0 1 2-2h14a2 2 0 0 1 2 2v14a2 2 0 0 1-2 2H5a2 2 0 0 1-2-2v-14ZM8 2v3m8-3v3M3 9h18\"\/>\n<\/svg>\nDic 15, 2025<\/span><\/div><div class=\"ultp-block-excerpt\"><p>La Red Rehab-Lab ha abierto una convocatoria para la adhesi\u00f3n de diez nuevas organizaciones a la red en Espa\u00f1a durante el primer semestre de 2026.<\/p>\n<\/div><\/div><\/div><\/div><div class=\"ultp-block-item post-id-1869\"><div class=\"ultp-block-content-wrap\"><div class=\"ultp-block-image ultp-block-image-zoomIn\"><a href=\"https:\/\/rehab-lab.cat\/es\/conocemos-la-unidad-de-impresion-3d-del-ceapat-del-imserso-en-madrid\/\" ><img decoding=\"async\"  class=\"ultp-block-image-content\"  alt=\"Conocemos la unidad de impresi\u00f3n 3D del CEAPAT del IMSERSO en Madrid\"  src=\"https:\/\/rehab-lab.cat\/wp-content\/uploads\/2025\/12\/Contingut-multimedia-870x570.jpeg\" \/><\/a><\/div><div class=\"ultp-block-content\"><h2 class=\"ultp-block-title \"><a href=\"https:\/\/rehab-lab.cat\/es\/conocemos-la-unidad-de-impresion-3d-del-ceapat-del-imserso-en-madrid\/\" >Conocemos la unidad de impresi\u00f3n 3D del CEAPAT del IMSERSO en Madrid<\/a><\/h2><div class=\"ultp-block-meta ultp-block-meta-dot ultp-block-meta-icon\"><span class=\"ultp-block-date ultp-block-meta-element\"><svg xmlns=\"http:\/\/www.w3.org\/2000\/svg\" fill=\"none\" viewBox=\"0 0 24 24\">\n  <path stroke=\"currentColor\" stroke-linecap=\"round\" stroke-linejoin=\"round\" stroke-width=\"1.5\" d=\"M3 5.5a2 2 0 0 1 2-2h14a2 2 0 0 1 2 2v14a2 2 0 0 1-2 2H5a2 2 0 0 1-2-2v-14ZM8 2v3m8-3v3M3 9h18\"\/>\n<\/svg>\nDic 3, 2025<\/span><\/div><div class=\"ultp-block-excerpt\"><p>El 1 de diciembre de 2025, una delegaci\u00f3n del grupo motor de la Red Rehab-Lab viaj\u00f3 a Madrid para visitar el CEAPAT y reunirse con su director y parte de&hellip;<\/p>\n<\/div><\/div><\/div><\/div><div class=\"ultp-block-item post-id-1858\"><div class=\"ultp-block-content-wrap\"><div class=\"ultp-block-image ultp-block-image-zoomIn\"><a href=\"https:\/\/rehab-lab.cat\/es\/visita-al-hospital-sant-joan-de-deu-y-conferencia-de-maria-pau-ginebra\/\" ><img decoding=\"async\"  class=\"ultp-block-image-content\"  alt=\"La Red Rehab-Lab visita el Hospital Sant Joan de D\u00e9u y participa en la conferencia de Maria Pau Ginebra\"  src=\"https:\/\/rehab-lab.cat\/wp-content\/uploads\/2025\/12\/shared-image-870x570.jpeg\" \/><\/a><\/div><div class=\"ultp-block-content\"><h2 class=\"ultp-block-title \"><a href=\"https:\/\/rehab-lab.cat\/es\/visita-al-hospital-sant-joan-de-deu-y-conferencia-de-maria-pau-ginebra\/\" >La Red Rehab-Lab visita el Hospital Sant Joan de D\u00e9u y participa en la conferencia de Maria Pau Ginebra<\/a><\/h2><div class=\"ultp-block-meta ultp-block-meta-dot ultp-block-meta-icon\"><span class=\"ultp-block-date ultp-block-meta-element\"><svg xmlns=\"http:\/\/www.w3.org\/2000\/svg\" fill=\"none\" viewBox=\"0 0 24 24\">\n  <path stroke=\"currentColor\" stroke-linecap=\"round\" stroke-linejoin=\"round\" stroke-width=\"1.5\" d=\"M3 5.5a2 2 0 0 1 2-2h14a2 2 0 0 1 2 2v14a2 2 0 0 1-2 2H5a2 2 0 0 1-2-2v-14ZM8 2v3m8-3v3M3 9h18\"\/>\n<\/svg>\nDic 3, 2025<\/span><\/div><div class=\"ultp-block-excerpt\"><p>El 27 de noviembre, participamos en una jornada t\u00e9cnica dedicada a conocer de cerca los \u00faltimos avances en impresi\u00f3n 3D aplicados a la salud.<\/p>\n<\/div><\/div><\/div><\/div><\/div><\/div><div class=\"pagination-block-html\" aria-hidden=\"true\" style=\"display: none;\"><div class=\"ultp-pagination-wrap\"  data-for=\"ultp-block-3dcae9\"  data-blockid=\"3dcae9\"  data-expost=\"\"  data-paged=\"1\"  data-pages=\"3\"  data-blockname=\"ultimate-post_post-grid-1\"  data-postid=\"1341\"  data-selfpostid=\"yes\" ><ul class=\"ultp-pagination\"><li class=\"ultp-center-item pagination-active\" data-current=\"1\"><a href=\"https:\/\/rehab-lab.cat\/es\/wp-json\/wp\/v2\/pages\/1341\/\">1<\/a><\/li><li class=\"ultp-center-item\" data-current=\"2\" ><a href=\"https:\/\/rehab-lab.cat\/es\/wp-json\/wp\/v2\/pages\/1341\/page\/2\/\">2<\/a><\/li><li class=\"ultp-center-item\" data-current=\"3\" ><a href=\"https:\/\/rehab-lab.cat\/es\/wp-json\/wp\/v2\/pages\/1341\/page\/3\/\">3<\/a><\/li><li class=\"ultp-next-page-numbers\"><a href=\"https:\/\/rehab-lab.cat\/es\/wp-json\/wp\/v2\/pages\/1341\/page\/2\/\">Posterior<svg xmlns=\"http:\/\/www.w3.org\/2000\/svg\" fill=\"none\" viewBox=\"0 0 24 24\">\n  <path stroke=\"currentColor\" stroke-linecap=\"round\" stroke-linejoin=\"round\" stroke-width=\"1.5\" d=\"m9 18 6-6-6-6\"\/>\n<\/svg>\n<\/a><\/li><\/ul><\/div><\/div><\/div>\n\n\n<div class=\"wp-block-ultimate-post-post-pagination ultp-block-cf8430 ultp-pagination-block ultp-pagination-wrap\"><div class=\"ultp-pagination-wrap ultp-disable-editor-click\"><ul class=\"ultp-pagination\"><li><a href=\"#\" class=\"ultp-prev-page-numbers\"><svg enable-background=\"new 0 0 477.175 477.175\" version=\"1.1\" viewBox=\"0 0 477.18 477.18\"><path d=\"m145.19 238.58 215.5-215.5c5.3-5.3 5.3-13.8 0-19.1s-13.8-5.3-19.1 0l-225.1 225.1c-5.3 5.3-5.3 13.8 0 19.1l225.1 225c2.6 2.6 6.1 4 9.5 4s6.9-1.3 9.5-4c5.3-5.3 5.3-13.8 0-19.1l-215.4-215.5z\"><\/path><\/svg> Anterior<\/a><\/li><li><a href=\"#\">1<\/a><\/li><li><a href=\"#\">2<\/a><\/li><li><a href=\"#\">3<\/a><\/li><li><a href=\"#\" class=\"ultp-next-page-numbers\">Posterior <svg enable-background=\"new 0 0 477.175 477.175\" version=\"1.1\" viewBox=\"0 0 477.18 477.18\"><path d=\"m360.73 229.08-225.1-225.1c-5.3-5.3-13.8-5.3-19.1 0s-5.3 13.8 0 19.1l215.5 215.5-215.5 215.5c-5.3 5.3-5.3 13.8 0 19.1 2.6 2.6 6.1 4 9.5 4s6.9-1.3 9.5-4l225.1-225.1c5.3-5.2 5.3-13.8 0.1-19z\"><\/path><\/svg><\/a><\/li><\/ul><\/div><\/div>\n<\/div>\n\n\n\n<div style=\"height:100px\" aria-hidden=\"true\" class=\"wp-block-spacer\"><\/div>\n","protected":false},"excerpt":{"rendered":"<p>NoticiasRehab-lab Noticias de Rehab-lab, expertos en el \u00e1mbito de la discapacidad, la tecnolog\u00eda y la innovaci\u00f3n que ofrecemos soluciones personalizadas con impresi\u00f3n 3D que mejoran la autonom\u00eda y la calidad de vida de personas con necesidades funcionales.<\/p>\n","protected":false},"author":1,"featured_media":0,"parent":0,"menu_order":0,"comment_status":"closed","ping_status":"closed","template":"templates\/template-builder.php","meta":{"inline_featured_image":false,"_kad_blocks_custom_css":"","_kad_blocks_head_custom_js":"","_kad_blocks_body_custom_js":"","_kad_blocks_footer_custom_js":"","footnotes":""},"class_list":["post-1341","page","type-page","status-publish","hentry","post","without-featured-image"],"taxonomy_info":[],"featured_image_src_large":false,"author_info":{"display_name":"admin","author_link":"https:\/\/rehab-lab.cat\/es\/author\/server_0lsdt8vz\/"},"comment_info":0,"_links":{"self":[{"href":"https:\/\/rehab-lab.cat\/es\/wp-json\/wp\/v2\/pages\/1341","targetHints":{"allow":["GET"]}}],"collection":[{"href":"https:\/\/rehab-lab.cat\/es\/wp-json\/wp\/v2\/pages"}],"about":[{"href":"https:\/\/rehab-lab.cat\/es\/wp-json\/wp\/v2\/types\/page"}],"author":[{"embeddable":true,"href":"https:\/\/rehab-lab.cat\/es\/wp-json\/wp\/v2\/users\/1"}],"replies":[{"embeddable":true,"href":"https:\/\/rehab-lab.cat\/es\/wp-json\/wp\/v2\/comments?post=1341"}],"version-history":[{"count":2,"href":"https:\/\/rehab-lab.cat\/es\/wp-json\/wp\/v2\/pages\/1341\/revisions"}],"predecessor-version":[{"id":1343,"href":"https:\/\/rehab-lab.cat\/es\/wp-json\/wp\/v2\/pages\/1341\/revisions\/1343"}],"wp:attachment":[{"href":"https:\/\/rehab-lab.cat\/es\/wp-json\/wp\/v2\/media?parent=1341"}],"curies":[{"name":"wp","href":"https:\/\/api.w.org\/{rel}","templated":true}]}}