{"id":1505,"date":"2025-10-23T14:43:46","date_gmt":"2025-10-23T14:43:46","guid":{"rendered":"https:\/\/rehab-lab.cat\/?page_id=1505"},"modified":"2025-11-04T14:50:28","modified_gmt":"2025-11-04T14:50:28","slug":"recortes-de-prensa","status":"publish","type":"page","link":"https:\/\/rehab-lab.cat\/es\/recortes-de-prensa\/","title":{"rendered":"Recortes de Prensa"},"content":{"rendered":"<style>.kb-row-layout-id1505_0ae5c3-ae > .kt-row-column-wrap{align-content:start;}:where(.kb-row-layout-id1505_0ae5c3-ae > .kt-row-column-wrap) > .wp-block-kadence-column{justify-content:start;}.kb-row-layout-id1505_0ae5c3-ae > .kt-row-column-wrap{column-gap:var(--global-kb-gap-md, 2rem);row-gap:var(--global-kb-gap-md, 2rem);max-width:1280px;margin-left:auto;margin-right:auto;padding-top:0px;padding-right:24px;padding-bottom:0px;padding-left:24px;grid-template-columns:repeat(2, minmax(0, 1fr));}.kb-row-layout-id1505_0ae5c3-ae{background-image:url('https:\/\/rehab-lab.cat\/wp-content\/uploads\/2024\/11\/cube_header_inside.svg');background-size:auto;background-position:100% 50%;background-attachment:scroll;background-repeat:no-repeat;}.kb-row-layout-id1505_0ae5c3-ae > .kt-row-layout-overlay{opacity:0.30;}@media all and (max-width: 1024px){.kb-row-layout-id1505_0ae5c3-ae > .kt-row-column-wrap{grid-template-columns:repeat(2, minmax(0, 1fr));}}@media all and (max-width: 767px){.kb-row-layout-id1505_0ae5c3-ae > .kt-row-column-wrap{grid-template-columns:minmax(0, 1fr);}}<\/style><div class=\"kb-row-layout-wrap kb-row-layout-id1505_0ae5c3-ae alignfull kt-row-has-bg header_inside wp-block-kadence-rowlayout\"><div class=\"kt-row-column-wrap kt-has-2-columns kt-row-layout-equal kt-tab-layout-inherit kt-mobile-layout-row kt-row-valign-top\">\n<style>.kadence-column1505_91101d-30 > .kt-inside-inner-col,.kadence-column1505_91101d-30 > .kt-inside-inner-col:before{border-top-left-radius:0px;border-top-right-radius:0px;border-bottom-right-radius:0px;border-bottom-left-radius:0px;}.kadence-column1505_91101d-30 > .kt-inside-inner-col{column-gap:var(--global-kb-gap-sm, 1rem);}.kadence-column1505_91101d-30 > .kt-inside-inner-col{flex-direction:column;}.kadence-column1505_91101d-30 > .kt-inside-inner-col > .aligncenter{width:100%;}.kadence-column1505_91101d-30 > .kt-inside-inner-col:before{opacity:0.3;}.kadence-column1505_91101d-30{position:relative;}@media all and (max-width: 1024px){.kadence-column1505_91101d-30 > .kt-inside-inner-col{flex-direction:column;justify-content:center;}}@media all and (max-width: 767px){.kadence-column1505_91101d-30 > .kt-inside-inner-col{flex-direction:column;justify-content:center;}}<\/style>\n<div class=\"wp-block-kadence-column kadence-column1505_91101d-30 animated fadeIn delay-500ms slow\"><div class=\"kt-inside-inner-col\">\n<h1 class=\"wp-block-heading\">Recortes de Prensa<br>Rehab-lab<\/h1>\n\n\n\n<h5 class=\"wp-block-heading\">Rehab-lab, expertos en el \u00e1mbito de la discapacidad, la tecnolog\u00eda y la innovaci\u00f3n que ofrecemos soluciones personalizadas con impresi\u00f3n 3D que mejoran la autonom\u00eda y calidad de vida de personas con necesidades funcionales.<\/h5>\n<\/div><\/div>\n\n\n<style>.kadence-column1505_3eb170-e5 > .kt-inside-inner-col{display:flex;}.kadence-column1505_3eb170-e5 > .kt-inside-inner-col,.kadence-column1505_3eb170-e5 > .kt-inside-inner-col:before{border-top-left-radius:0px;border-top-right-radius:0px;border-bottom-right-radius:0px;border-bottom-left-radius:0px;}.kadence-column1505_3eb170-e5 > .kt-inside-inner-col{column-gap:var(--global-kb-gap-sm, 1rem);}.kadence-column1505_3eb170-e5 > .kt-inside-inner-col{flex-direction:column;justify-content:center;align-items:center;}.kadence-column1505_3eb170-e5 > .kt-inside-inner-col > .kb-image-is-ratio-size{align-self:stretch;}.kadence-column1505_3eb170-e5 > .kt-inside-inner-col > .wp-block-kadence-advancedgallery{align-self:stretch;}.kadence-column1505_3eb170-e5 > .kt-inside-inner-col > .aligncenter{width:100%;}.kt-row-column-wrap > .kadence-column1505_3eb170-e5{align-self:center;}.kt-inner-column-height-full:not(.kt-has-1-columns) > .wp-block-kadence-column.kadence-column1505_3eb170-e5{align-self:auto;}.kt-inner-column-height-full:not(.kt-has-1-columns) > .wp-block-kadence-column.kadence-column1505_3eb170-e5 > .kt-inside-inner-col{flex-direction:column;justify-content:center;}.kadence-column1505_3eb170-e5 > .kt-inside-inner-col:before{opacity:0.3;}.kadence-column1505_3eb170-e5{position:relative;}@media all and (max-width: 1024px){.kt-row-column-wrap > .kadence-column1505_3eb170-e5{align-self:center;}}@media all and (max-width: 1024px){.kt-inner-column-height-full:not(.kt-has-1-columns) > .wp-block-kadence-column.kadence-column1505_3eb170-e5{align-self:auto;}}@media all and (max-width: 1024px){.kt-inner-column-height-full:not(.kt-has-1-columns) > .wp-block-kadence-column.kadence-column1505_3eb170-e5 > .kt-inside-inner-col{flex-direction:column;justify-content:center;}}@media all and (max-width: 1024px){.kadence-column1505_3eb170-e5 > .kt-inside-inner-col{flex-direction:column;justify-content:center;align-items:center;}}@media all and (max-width: 767px){.kt-row-column-wrap > .kadence-column1505_3eb170-e5{align-self:center;}.kt-inner-column-height-full:not(.kt-has-1-columns) > .wp-block-kadence-column.kadence-column1505_3eb170-e5{align-self:auto;}.kt-inner-column-height-full:not(.kt-has-1-columns) > .wp-block-kadence-column.kadence-column1505_3eb170-e5 > .kt-inside-inner-col{flex-direction:column;justify-content:center;}.kadence-column1505_3eb170-e5 > .kt-inside-inner-col{flex-direction:column;justify-content:center;align-items:center;}}<\/style>\n<div class=\"wp-block-kadence-column kadence-column1505_3eb170-e5 animated fadeInRight slow\"><div class=\"kt-inside-inner-col\">\n<figure class=\"wp-block-image size-full is-resized\"><img loading=\"lazy\" decoding=\"async\" width=\"966\" height=\"844\" src=\"https:\/\/rehab-lab.cat\/wp-content\/uploads\/2024\/11\/rehab_lab_header_quefem.webp\" alt=\"Dona i t\u00e8cnic mirant la fabricaci\u00f3 duna pe\u00e7a\" class=\"wp-image-217\" style=\"object-fit:contain;width:467px;height:412px\" srcset=\"https:\/\/rehab-lab.cat\/wp-content\/uploads\/2024\/11\/rehab_lab_header_quefem.webp 966w, https:\/\/rehab-lab.cat\/wp-content\/uploads\/2024\/11\/rehab_lab_header_quefem-300x262.webp 300w, https:\/\/rehab-lab.cat\/wp-content\/uploads\/2024\/11\/rehab_lab_header_quefem-768x671.webp 768w, https:\/\/rehab-lab.cat\/wp-content\/uploads\/2024\/11\/rehab_lab_header_quefem-500x437.webp 500w, https:\/\/rehab-lab.cat\/wp-content\/uploads\/2024\/11\/rehab_lab_header_quefem-800x699.webp 800w\" sizes=\"auto, (max-width: 966px) 100vw, 966px\" \/><\/figure>\n<\/div><\/div>\n\n<\/div><\/div>\n\n<style>.kb-row-layout-id1505_7dbb21-cf > .kt-row-column-wrap{align-content:start;}:where(.kb-row-layout-id1505_7dbb21-cf > .kt-row-column-wrap) > .wp-block-kadence-column{justify-content:start;}.kb-row-layout-id1505_7dbb21-cf > .kt-row-column-wrap{column-gap:var(--global-kb-gap-none, 0rem );row-gap:var(--global-kb-gap-none, 0rem );padding-top:20px;padding-bottom:40px;min-height:1px;grid-template-columns:minmax(0, 1fr);}.kb-row-layout-id1505_7dbb21-cf > .kt-row-layout-overlay{opacity:0.30;}@media all and (max-width: 1024px){.kb-row-layout-id1505_7dbb21-cf > .kt-row-column-wrap{grid-template-columns:minmax(0, 1fr);}}@media all and (max-width: 767px){.kb-row-layout-id1505_7dbb21-cf > .kt-row-column-wrap{grid-template-columns:minmax(0, 1fr);}}<\/style><div class=\"kb-row-layout-wrap kb-row-layout-id1505_7dbb21-cf alignnone line_separation animated fadeInDown slow wp-block-kadence-rowlayout\"><div class=\"kt-row-column-wrap kt-has-1-columns kt-row-layout-equal kt-tab-layout-inherit kt-mobile-layout-row kt-row-valign-top kt-inner-column-height-full\">\n<style>.kadence-column1505_772824-20 > .kt-inside-inner-col{border-left:2px solid #8a61a6;}.kadence-column1505_772824-20 > .kt-inside-inner-col,.kadence-column1505_772824-20 > .kt-inside-inner-col:before{border-top-left-radius:0px;border-top-right-radius:0px;border-bottom-right-radius:0px;border-bottom-left-radius:0px;}.kadence-column1505_772824-20 > .kt-inside-inner-col{column-gap:var(--global-kb-gap-sm, 1rem);}.kadence-column1505_772824-20 > .kt-inside-inner-col{flex-direction:column;}.kadence-column1505_772824-20 > .kt-inside-inner-col > .aligncenter{width:100%;}.kadence-column1505_772824-20 > .kt-inside-inner-col:before{opacity:0.3;}.kadence-column1505_772824-20{position:relative;}@media all and (max-width: 1024px){.kadence-column1505_772824-20 > .kt-inside-inner-col{border-left:2px solid #8a61a6;flex-direction:column;justify-content:center;}}@media all and (max-width: 767px){.kadence-column1505_772824-20 > .kt-inside-inner-col{border-left:2px solid #8a61a6;flex-direction:column;justify-content:center;}}<\/style>\n<div class=\"wp-block-kadence-column kadence-column1505_772824-20\"><div class=\"kt-inside-inner-col\">\n<div style=\"height:100px\" aria-hidden=\"true\" class=\"wp-block-spacer\"><\/div>\n<\/div><\/div>\n\n<\/div><\/div>\n\n\n<div class=\"wp-block-ultimate-post-post-grid-parent ultp-post-grid-parent list_post_recull\" data-postid=\"1505\" data-grids=\"[{&quot;blockId&quot;:&quot;645ab8&quot;,&quot;name&quot;:&quot;ultimate-post_post-grid-1&quot;}]\" data-pagi=\"[&quot;ultp-block-b7454b&quot;]\"><div  class=\"ultp-post-grid-block wp-block-ultimate-post-post-grid-1 ultp-block-645ab8\"><div class=\"ultp-block-wrapper\"><div class=\"ultp-loading\"><div class=\"ultp-loading-blocks\" style=\"width:100%;height:100%;\"><div style=\"left: 0;top: 0;animation-delay:0s;\"><\/div><div style=\"left: 21px;top: 0;animation-delay:0.125s;\"><\/div><div style=\"left: 42px;top: 0;animation-delay:0.25s;\"><\/div><div style=\"left: 0;top: 21px;animation-delay:0.875s;\"><\/div><div style=\"left: 42px;top: 21px;animation-delay:0.375s;\"><\/div><div style=\"left: 0;top: 42px;animation-delay:0.75s;\"><\/div><div style=\"left: 42px;top: 42px;animation-delay:0.625s;\"><\/div><div style=\"left: 21px;top: 42px;animation-delay:0.5s;\"><\/div><\/div><\/div><div class=\"ultp-block-items-wrap ultp-block-row ultp-pg1a-style1 ultp-grid1-responsive ultp-block-column-3 ultp-sm-column-2 ultp-xs-column-1 ultp-layout2\"><div class=\"ultp-block-item post-id-2030\"><div class=\"ultp-block-content-wrap\"><div class=\"ultp-block-content-image\" style=><\/div><div class=\"ultp-block-content\"><h2 class=\"ultp-block-title \"><a href=\"https:\/\/rehab-lab.cat\/es\/23-usuarios-de-aspid-se-han-beneficiado-de-las-impresiones-3d\/\" >23 usuarios de Aspid se han beneficiado de las impresiones 3D<\/a><\/h2><div class=\"ultp-block-meta ultp-block-meta-dot ultp-block-meta-icon\"><span class=\"ultp-block-date ultp-block-meta-element\"><svg xmlns=\"http:\/\/www.w3.org\/2000\/svg\" fill=\"none\" viewBox=\"0 0 24 24\">\n  <path stroke=\"currentColor\" stroke-linecap=\"round\" stroke-linejoin=\"round\" stroke-width=\"1.5\" d=\"M3 5.5a2 2 0 0 1 2-2h14a2 2 0 0 1 2 2v14a2 2 0 0 1-2 2H5a2 2 0 0 1-2-2v-14ZM8 2v3m8-3v3M3 9h18\"\/>\n<\/svg>\nMar 26, 2026<\/span><\/div><div class=\"ultp-block-excerpt\">Lleida TV<\/div><\/div><\/div><\/div><div class=\"ultp-block-item post-id-1996\"><div class=\"ultp-block-content-wrap\"><div class=\"ultp-block-content-image\" style=><\/div><div class=\"ultp-block-content\"><h2 class=\"ultp-block-title \"><a href=\"https:\/\/rehab-lab.cat\/es\/mifas-apuesta-por-la-innovacion-y-la-personalizacion-con-la-impresion-3d\/\" >Mifas apuesta por la innovaci\u00f3n y la personalizaci\u00f3n con la impresi\u00f3n 3D<\/a><\/h2><div class=\"ultp-block-meta ultp-block-meta-dot ultp-block-meta-icon\"><span class=\"ultp-block-date ultp-block-meta-element\"><svg xmlns=\"http:\/\/www.w3.org\/2000\/svg\" fill=\"none\" viewBox=\"0 0 24 24\">\n  <path stroke=\"currentColor\" stroke-linecap=\"round\" stroke-linejoin=\"round\" stroke-width=\"1.5\" d=\"M3 5.5a2 2 0 0 1 2-2h14a2 2 0 0 1 2 2v14a2 2 0 0 1-2 2H5a2 2 0 0 1-2-2v-14ZM8 2v3m8-3v3M3 9h18\"\/>\n<\/svg>\nMar 24, 2026<\/span><\/div><div class=\"ultp-block-excerpt\">Diari de Girona<\/div><\/div><\/div><\/div><div class=\"ultp-block-item post-id-1467\"><div class=\"ultp-block-content-wrap\"><div class=\"ultp-block-content-image\" style=><\/div><div class=\"ultp-block-content\"><h2 class=\"ultp-block-title \"><a href=\"https:\/\/rehab-lab.cat\/es\/aspid-ofrece-soluciones-3d-personalizadas-para-personas-con-discapacidad-y-se-incorpora-oficialmente-a-la-red-rehab-lab\/\" >ASPID ofrece soluciones 3D personalizadas para personas con discapacidad y se incorpora oficialmente a la Red Rehab-Lab<\/a><\/h2><div class=\"ultp-block-meta ultp-block-meta-dot ultp-block-meta-icon\"><span class=\"ultp-block-date ultp-block-meta-element\"><svg xmlns=\"http:\/\/www.w3.org\/2000\/svg\" fill=\"none\" viewBox=\"0 0 24 24\">\n  <path stroke=\"currentColor\" stroke-linecap=\"round\" stroke-linejoin=\"round\" stroke-width=\"1.5\" d=\"M3 5.5a2 2 0 0 1 2-2h14a2 2 0 0 1 2 2v14a2 2 0 0 1-2 2H5a2 2 0 0 1-2-2v-14ZM8 2v3m8-3v3M3 9h18\"\/>\n<\/svg>\nJul 24, 2025<\/span><\/div><div class=\"ultp-block-excerpt\">Diari la Manyana<\/div><\/div><\/div><\/div><div class=\"ultp-block-item post-id-1471\"><div class=\"ultp-block-content-wrap\"><div class=\"ultp-block-content-image\" style=><\/div><div class=\"ultp-block-content\"><h2 class=\"ultp-block-title \"><a href=\"https:\/\/rehab-lab.cat\/es\/la-associacio-alba-trabaja-conjuntamente-con-eli-para-disenar-una-ayuda-para-poder-cortarse-las-unas\/\" >La Associaci\u00f3 Alba trabaja conjuntamente con Eli para dise\u00f1ar una ayuda para poder cortarse las u\u00f1as (video)<\/a><\/h2><div class=\"ultp-block-meta ultp-block-meta-dot ultp-block-meta-icon\"><span class=\"ultp-block-date ultp-block-meta-element\"><svg xmlns=\"http:\/\/www.w3.org\/2000\/svg\" fill=\"none\" viewBox=\"0 0 24 24\">\n  <path stroke=\"currentColor\" stroke-linecap=\"round\" stroke-linejoin=\"round\" stroke-width=\"1.5\" d=\"M3 5.5a2 2 0 0 1 2-2h14a2 2 0 0 1 2 2v14a2 2 0 0 1-2 2H5a2 2 0 0 1-2-2v-14ZM8 2v3m8-3v3M3 9h18\"\/>\n<\/svg>\nJul 15, 2025<\/span><\/div><div class=\"ultp-block-excerpt\">Associaci\u00f3 Alba<\/div><\/div><\/div><\/div><div class=\"ultp-block-item post-id-1473\"><div class=\"ultp-block-content-wrap\"><div class=\"ultp-block-content-image\" style=><\/div><div class=\"ultp-block-content\"><h2 class=\"ultp-block-title \"><a href=\"https:\/\/rehab-lab.cat\/es\/aspid-elabora-ayudas-funcionales-con-impresion-3d-para-mejorar-la-autonomia\/\" >ASPID elabora ayudas funcionales con impresi\u00f3n 3D para mejorar la autonom\u00eda<\/a><\/h2><div class=\"ultp-block-meta ultp-block-meta-dot ultp-block-meta-icon\"><span class=\"ultp-block-date ultp-block-meta-element\"><svg xmlns=\"http:\/\/www.w3.org\/2000\/svg\" fill=\"none\" viewBox=\"0 0 24 24\">\n  <path stroke=\"currentColor\" stroke-linecap=\"round\" stroke-linejoin=\"round\" stroke-width=\"1.5\" d=\"M3 5.5a2 2 0 0 1 2-2h14a2 2 0 0 1 2 2v14a2 2 0 0 1-2 2H5a2 2 0 0 1-2-2v-14ZM8 2v3m8-3v3M3 9h18\"\/>\n<\/svg>\nJul 12, 2025<\/span><\/div><div class=\"ultp-block-excerpt\">Diari del Segre<\/div><\/div><\/div><\/div><div class=\"ultp-block-item post-id-1475\"><div class=\"ultp-block-content-wrap\"><div class=\"ultp-block-content-image\" style=><\/div><div class=\"ultp-block-content\"><h2 class=\"ultp-block-title \"><a href=\"https:\/\/rehab-lab.cat\/es\/rehab-lab-en-la-fundacion-ramon-noguera-damos-un-paso-mas-hacia-la-innovacion-y-la-inclusion-social\/\" >Rehab-Lab: en la Fundaci\u00f3n Ramon Noguera damos un paso m\u00e1s hacia la innovaci\u00f3n y la inclusi\u00f3n social<\/a><\/h2><div class=\"ultp-block-meta ultp-block-meta-dot ultp-block-meta-icon\"><span class=\"ultp-block-date ultp-block-meta-element\"><svg xmlns=\"http:\/\/www.w3.org\/2000\/svg\" fill=\"none\" viewBox=\"0 0 24 24\">\n  <path stroke=\"currentColor\" stroke-linecap=\"round\" stroke-linejoin=\"round\" stroke-width=\"1.5\" d=\"M3 5.5a2 2 0 0 1 2-2h14a2 2 0 0 1 2 2v14a2 2 0 0 1-2 2H5a2 2 0 0 1-2-2v-14ZM8 2v3m8-3v3M3 9h18\"\/>\n<\/svg>\nJul 10, 2025<\/span><\/div><div class=\"ultp-block-excerpt\">Fundaci\u00f3n Ramon Noguera<\/div><\/div><\/div><\/div><\/div><\/div><div class=\"pagination-block-html\" aria-hidden=\"true\" style=\"display: none;\"><div class=\"ultp-pagination-wrap\"  data-for=\"ultp-block-645ab8\"  data-blockid=\"645ab8\"  data-expost=\"\"  data-paged=\"1\"  data-pages=\"4\"  data-blockname=\"ultimate-post_post-grid-1\"  data-postid=\"1505\"  data-selfpostid=\"yes\" ><ul class=\"ultp-pagination\"><li class=\"ultp-first-pages\" style=\"display:none\" data-current=\"1\"><a href=\"https:\/\/rehab-lab.cat\/es\/wp-json\/wp\/v2\/pages\/1505\/\">1<\/a><\/li><li class=\"ultp-center-item pagination-active\" data-current=\"1\"><a href=\"https:\/\/rehab-lab.cat\/es\/wp-json\/wp\/v2\/pages\/1505\/\">1<\/a><\/li><li class=\"ultp-center-item\" data-current=\"2\" ><a href=\"https:\/\/rehab-lab.cat\/es\/wp-json\/wp\/v2\/pages\/1505\/page\/2\/\">2<\/a><\/li><li class=\"ultp-center-item\" data-current=\"3\" ><a href=\"https:\/\/rehab-lab.cat\/es\/wp-json\/wp\/v2\/pages\/1505\/page\/3\/\">3<\/a><\/li><li class=\"ultp-last-dot\" ><a href=\"#\">&#8230;<\/a><\/li><li class=\"ultp-last-pages\" data-current=\"4\"><a href=\"https:\/\/rehab-lab.cat\/es\/wp-json\/wp\/v2\/pages\/1505\/page\/4\/\">4<\/a><\/li><li class=\"ultp-next-page-numbers\"><a href=\"https:\/\/rehab-lab.cat\/es\/wp-json\/wp\/v2\/pages\/1505\/page\/2\/\">Posterior<svg xmlns=\"http:\/\/www.w3.org\/2000\/svg\" fill=\"none\" viewBox=\"0 0 24 24\">\n  <path stroke=\"currentColor\" stroke-linecap=\"round\" stroke-linejoin=\"round\" stroke-width=\"1.5\" d=\"m9 18 6-6-6-6\"\/>\n<\/svg>\n<\/a><\/li><\/ul><\/div><\/div><\/div>\n\n\n<div class=\"wp-block-ultimate-post-post-pagination ultp-block-b7454b ultp-pagination-block ultp-pagination-wrap\"><div class=\"ultp-pagination-wrap ultp-disable-editor-click\"><ul class=\"ultp-pagination\"><li><a href=\"#\" class=\"ultp-prev-page-numbers\"><svg enable-background=\"new 0 0 477.175 477.175\" version=\"1.1\" viewBox=\"0 0 477.18 477.18\"><path d=\"m145.19 238.58 215.5-215.5c5.3-5.3 5.3-13.8 0-19.1s-13.8-5.3-19.1 0l-225.1 225.1c-5.3 5.3-5.3 13.8 0 19.1l225.1 225c2.6 2.6 6.1 4 9.5 4s6.9-1.3 9.5-4c5.3-5.3 5.3-13.8 0-19.1l-215.4-215.5z\"><\/path><\/svg> Anterior<\/a><\/li><li><a href=\"#\">1<\/a><\/li><li><a href=\"#\">2<\/a><\/li><li><a href=\"#\">3<\/a><\/li><li><a href=\"#\" class=\"ultp-next-page-numbers\">Posterior <svg enable-background=\"new 0 0 477.175 477.175\" version=\"1.1\" viewBox=\"0 0 477.18 477.18\"><path d=\"m360.73 229.08-225.1-225.1c-5.3-5.3-13.8-5.3-19.1 0s-5.3 13.8 0 19.1l215.5 215.5-215.5 215.5c-5.3 5.3-5.3 13.8 0 19.1 2.6 2.6 6.1 4 9.5 4s6.9-1.3 9.5-4l225.1-225.1c5.3-5.2 5.3-13.8 0.1-19z\"><\/path><\/svg><\/a><\/li><\/ul><\/div><\/div>\n<\/div>\n\n\n\n<div style=\"height:100px\" aria-hidden=\"true\" class=\"wp-block-spacer\"><\/div>\n","protected":false},"excerpt":{"rendered":"<p>Recortes de PrensaRehab-lab Rehab-lab, expertos en el \u00e1mbito de la discapacidad, la tecnolog\u00eda y la innovaci\u00f3n que ofrecemos soluciones personalizadas con impresi\u00f3n 3D que mejoran la autonom\u00eda y calidad de vida de personas con necesidades funcionales.<\/p>\n","protected":false},"author":1,"featured_media":0,"parent":0,"menu_order":0,"comment_status":"closed","ping_status":"closed","template":"templates\/template-builder.php","meta":{"inline_featured_image":false,"_kad_blocks_custom_css":"","_kad_blocks_head_custom_js":"","_kad_blocks_body_custom_js":"","_kad_blocks_footer_custom_js":"","footnotes":""},"class_list":["post-1505","page","type-page","status-publish","hentry","post","without-featured-image"],"taxonomy_info":[],"featured_image_src_large":false,"author_info":{"display_name":"admin","author_link":"https:\/\/rehab-lab.cat\/es\/author\/server_0lsdt8vz\/"},"comment_info":0,"_links":{"self":[{"href":"https:\/\/rehab-lab.cat\/es\/wp-json\/wp\/v2\/pages\/1505","targetHints":{"allow":["GET"]}}],"collection":[{"href":"https:\/\/rehab-lab.cat\/es\/wp-json\/wp\/v2\/pages"}],"about":[{"href":"https:\/\/rehab-lab.cat\/es\/wp-json\/wp\/v2\/types\/page"}],"author":[{"embeddable":true,"href":"https:\/\/rehab-lab.cat\/es\/wp-json\/wp\/v2\/users\/1"}],"replies":[{"embeddable":true,"href":"https:\/\/rehab-lab.cat\/es\/wp-json\/wp\/v2\/comments?post=1505"}],"version-history":[{"count":2,"href":"https:\/\/rehab-lab.cat\/es\/wp-json\/wp\/v2\/pages\/1505\/revisions"}],"predecessor-version":[{"id":1563,"href":"https:\/\/rehab-lab.cat\/es\/wp-json\/wp\/v2\/pages\/1505\/revisions\/1563"}],"wp:attachment":[{"href":"https:\/\/rehab-lab.cat\/es\/wp-json\/wp\/v2\/media?parent=1505"}],"curies":[{"name":"wp","href":"https:\/\/api.w.org\/{rel}","templated":true}]}}